{"id":53,"date":"2024-05-20T13:14:20","date_gmt":"2024-05-20T11:14:20","guid":{"rendered":"https:\/\/radomsko.muprod.znp.edu.pl\/?page_id=53"},"modified":"2024-05-28T11:26:18","modified_gmt":"2024-05-28T09:26:18","slug":"rodo","status":"publish","type":"page","link":"https:\/\/pruszkow.znp.edu.pl\/?page_id=53","title":{"rendered":"RODO"},"content":{"rendered":"\n<h3 class=\"wp-block-heading\"><strong>Informacja nt. przetwarzania danych osobowych w ramach<\/strong><\/h3>\n\n\n\n<h3 class=\"wp-block-heading\"><strong>Zwi\u0105zku Nauczycielstwa Polskiego<\/strong><\/h3>\n\n\n\n<p><strong>1. Kto jest administratorem danych osobowych?<\/strong><\/p>\n\n\n\n<p>Administratorem Twoich danych osobowych jest Zwi\u0105zek Nauczycielstwa Polskiego z siedzib\u0105 w Warszawie przy ul. Smulikowskiego 6\/8, zarejestrowany w Krajowym Rejestrze S\u0105dowym prowadzonym przez S\u0105d Rejonowy dla m. st. Warszawy w Warszawie, XII Wydzia\u0142 Gospodarczy KRS za numerem 0000150507, adres e-mail:&nbsp;<a href=\"mailto:znp@znp.edu.pl\"><strong>znp@znp.edu.pl<\/strong><\/a>.<\/p>\n\n\n\n<p>W strukturach Zwi\u0105zku Nauczycielstwa Polskiego powo\u0142ano Inspektora Ochrony Danych, z kt\u00f3rym mo\u017cna kontaktowa\u0107 si\u0119 za pomoc\u0105 adresu e-mail:&nbsp;<strong><a href=\"mailto:iod@znp.edu.pl\">iod@znp.edu.pl<\/a><\/strong>.<\/p>\n\n\n\n<p><strong>2. Co to jest RODO?<\/strong><\/p>\n\n\n\n<p>Jest to skr\u00f3t od Rozporz\u0105dzenia o Ochronie Danych Osobowych. RODO wprowadza nowe zagadnienia z zakresu praw os\u00f3b, kt\u00f3rych dane osobowe przetwarzamy. Jednym z cel\u00f3w RODO jest szczeg\u00f3\u0142owe informowanie tych os\u00f3b o przetwarzaniu ich danych.<\/p>\n\n\n\n<p><strong>3. Dlaczego Zwi\u0105zek Nauczycielstwa Polskiego przetwarza moje dane?<\/strong><\/p>\n\n\n\n<p>Zwi\u0105zek Nauczycielstwa Polskiego pozyska\u0142 Twoje dane z deklaracji cz\u0142onkowskiej, kt\u00f3r\u0105 wype\u0142nia\u0142a\u015b\/wype\u0142nia\u0142e\u015b przed przyj\u0119ciem w poczet cz\u0142onk\u00f3w Zwi\u0105zku, lub z wniosk\u00f3w jakie do nas kierowa\u0142a\u015b\/kierowa\u0142e\u015b (np. wniosek o przyznanie zasi\u0142ku statutowego).<\/p>\n\n\n\n<p>Przetwarzamy Twoje dane, aby prawid\u0142owo realizowa\u0107 cele statutowe Zwi\u0105zku Nauczycielstwa Polskiego okre\u015blone w art. 5 Statutu ZNP (Statut dost\u0119pny jest na stronie internetowej:&nbsp;<strong><a href=\"http:\/\/znp.edu.pl\/statut-znp\/\" target=\"_blank\" rel=\"noreferrer noopener\">http:\/\/znp.edu.pl\/statut-znp\/<\/a><\/strong>&nbsp;&nbsp;). Twoje dane osobowe s\u0105 przetwarzane na nast\u0119puj\u0105cych podstawach prawnych:<\/p>\n\n\n\n<ol class=\"wp-block-list\">\n<li>na podstawie art. 9 ust. 2 lit. a RODO, w przypadku, w kt\u00f3rym przetwarzanie ma na celu przyj\u0119cie w poczet cz\u0142onk\u00f3w Zwi\u0105zku Nauczycielstwa Polskiego;<\/li>\n\n\n\n<li>na podstawie art. 9 ust. 2 lit. d RODO, czyli w celach zawartych w Statucie ZNP, wzgl\u0119dem cz\u0142onk\u00f3w Zwi\u0105zku, jego by\u0142ych cz\u0142onk\u00f3w lub os\u00f3b utrzymuj\u0105cych z nim sta\u0142e kontakty;<\/li>\n\n\n\n<li>na podstawie art. 6 ust. 1 lit. a RODO, w sytuacjach, w kt\u00f3rych Twoje dane osobowe zwyk\u0142e s\u0105 nam udost\u0119pniane przez Ciebie i nie posiadamy \u017cadnych innych przes\u0142anek, na kt\u00f3rych mogliby\u015bmy oprze\u0107 przetwarzanie (np. w sytuacji, w kt\u00f3rej jeste\u015b subskrybentem newslettera, czy te\u017c w sytuacji, w kt\u00f3rej wyra\u017casz zgod\u0119 na to, aby\u015bmy udost\u0119pnili Twoje dane osobowe innemu administratorowi);<\/li>\n\n\n\n<li>na podstawie art. 6 ust. 1 lit. b RODO w przypadku, kiedy jeste\u015b naszym kontrahentem i zawieramy z Tob\u0105 umow\u0119, a Twoje dane s\u0105 potrzebne nam do wykonania tej umowy, lub do podj\u0119cia czynno\u015bci przed jej zawarciem (np. je\u015bli zamawiamy u Ciebie papier, czy zawieramy umow\u0119 dotycz\u0105c\u0105 wydruku naszej publikacji, kt\u00f3r\u0105 napisali\u015bmy);<\/li>\n\n\n\n<li>podstaw\u0105 przetwarzania jest art. 6 ust. 1 lit. c RODO, czyli realizacja obowi\u0105zku prawnego ci\u0105\u017c\u0105cego na ZNP jako na administratorze. Jako Zwi\u0105zek zatrudniamy pracownik\u00f3w, p\u0142acimy podatki, prowadzimy ksi\u0119gi rachunkowe, jak i uiszczamy sk\u0142adki ubezpieczeniowe. Przyk\u0142adowo, jeste\u015bmy zobowi\u0105zani do przechowywania dokumentacji pracowniczej przez czasu wskazany w przepisach prawa;<\/li>\n\n\n\n<li>podstaw\u0105 przetwarzania jest art. 6 ust. lit. f RODO, czyli prawnie uzasadniony interes administratora. W tym przypadku przetwarzamy dane osobowe w celu zapobiegania oszustwom oraz w celu dochodzenia, obrony lub ustalenia roszcze\u0144;<\/li>\n\n\n\n<li>podstaw\u0105 dla przetwarzania jest art. 9 ust. 2 lit. j RODO w sytuacji, w kt\u00f3rej dane osobowe s\u0105 przetwarzane w celach archiwalnych w interesie publicznym, statystycznych, bada\u0144 naukowych lub historycznych. W takiej sytuacji przetwarzamy np. zbiory archiwalne, gwarantuj\u0105c odpowiednie bezpiecze\u0144stwo danych osobowych, zgodnie z przepisami prawa krajowego;<\/li>\n\n\n\n<li>podstaw\u0105 dla przetwarzania jest art. 9 ust. 2 lit. e RODO, w sytuacji, w kt\u00f3rej przetwarzamy dane osobowe w spos\u00f3b oczywi\u015bcie upubliczniony przez osob\u0119, kt\u00f3rej dotycz\u0105. Dzieje si\u0119 to np. w sytuacji, w kt\u00f3rej posiadamy zdj\u0119cia z manifestacji, czy innych publicznych wydarze\u0144;<\/li>\n\n\n\n<li>podstaw\u0119 dla przetwarzania stanowi art. 9 ust. 2 lit b RODO, czyli przetwarzanie danych wra\u017cliwych, np. w ramach korzystania z zasi\u0142k\u00f3w s\u0142u\u017c\u0105cych zabezpieczeniu spo\u0142ecznemu i ochronie socjalnej, przewidzianych w dzia\u0142alno\u015bci ZNP (zasi\u0142ek \u201eSenior\u201d, wniosek o przyznanie pomocy z funduszu \u015bwiadcze\u0144 socjalnych).<\/li>\n<\/ol>\n\n\n\n<p><strong>4. Jakie prawa posiadam w zwi\u0105zku z przetwarzaniem moich danych osobowych?<\/strong><\/p>\n\n\n\n<ol class=\"wp-block-list\">\n<li>prawo do sprostowania swoich danych osobowych \u2013 mo\u017cesz wys\u0142a\u0107 do nas o\u015bwiadczenie o niepoprawno\u015bci Twoich danych osobowych;<\/li>\n\n\n\n<li>prawo dost\u0119pu do swoich danych osobowych \u2013 masz dost\u0119p do swoich danych osobowych, kt\u00f3re przetwarzamy;<\/li>\n\n\n\n<li>prawo do usuni\u0119cia danych \u2013 je\u017celi Twoim zdaniem nie ma podstaw, aby\u015bmy przetwarzali Twoje dane, mo\u017cesz \u017c\u0105da\u0107 od nas tego, aby\u015bmy je usun\u0119li;<\/li>\n\n\n\n<li>prawo do przenoszenia danych \u2013 mo\u017cesz od nas \u017c\u0105da\u0107, aby\u015bmy przes\u0142ali Twoje dane osobowe do innego Administratora;<\/li>\n\n\n\n<li>prawo do ograniczenia przetwarzania \u2013 mo\u017cesz \u017c\u0105da\u0107 od nas ograniczenia przetwarzania Twoich danych osobowych, je\u015bli s\u0105dzisz, \u017ce mamy nieprawid\u0142owe dane na Tw\u00f3j temat, przetwarzamy Twoje dane bez podstawy prawnej, a nie chcesz, aby\u015bmy je usun\u0119li, bo s\u0105 Ci potrzebne do ochrony dochodzenia lub ustalenia roszcze\u0144 lub na czas wniesionego przez Ciebie sprzeciwu wzgl\u0119dem przetwarzania danych. Ograniczenie przetwarzania polega na tym, \u017ce Twoje dane b\u0119d\u0105 przez nas wy\u0142\u0105cznie przechowywane lub b\u0119dziemy dokonywali na nich wy\u0142\u0105cznie uwzgl\u0119dnionych przez Ciebie dzia\u0142a\u0144;<\/li>\n\n\n\n<li>prawo do sprzeciwu \u2013 je\u015bli przetwarzamy dane osobowe na podstawie naszego prawnie uzasadnionego interesu, w\u00f3wczas mo\u017cesz zg\u0142osi\u0107 sprzeciw wobec przetwarzania, je\u015bli uwa\u017casz, \u017ce nadrz\u0119dny charakter wobec tych interes\u00f3w maj\u0105 Twoje prawa i wolno\u015bci.<\/li>\n<\/ol>\n\n\n\n<p><strong>5. Czy musz\u0119 wyrazi\u0107 zgod\u0119 na przetwarzanie moich danych osobowych?<\/strong><\/p>\n\n\n\n<p>\u017baden podmiot nie ma prawa wymaga\u0107 od Ciebie wyra\u017cenia zgody na przetwarzanie danych osobowych, ani wymusza\u0107 tej zgody. Jednak cz\u0142onkostwo w Zwi\u0105zku Nauczycielstwa Polskiego wymaga, aby\u015bmy przetwarzali Twoje dane osobowe uj\u0119te w deklaracji cz\u0142onkowskiej, a\u017c do ustania Twojego cz\u0142onkostwa w Zwi\u0105zku. W tym przypadku nie wymagamy od Ciebie zgody na przetwarzanie przez nas ww. danych osobowych, poniewa\u017c wype\u0142nienie i z\u0142o\u017cenie deklaracji cz\u0142onkowskiej, a nast\u0119pnie przyj\u0119cie Ci\u0119 do Zwi\u0105zku jest podstaw\u0105 przetwarzania przez nas Twoich danych osobowych (m\u00f3wi o tym art. 9 ust. 1 lit. a i art. 9 ust. 2 lit. d RODO, czyli przetwarzamy na podstawie zgody w procesie przyjmowania do Zwi\u0105zku, a dane cz\u0142onk\u00f3w przetwarzamy na podstawie przynale\u017cno\u015bci do Zwi\u0105zku os\u00f3b). W przypadku przetwarzania danych na podstawie zgody, mo\u017cesz j\u0105 wycofa\u0107 w ka\u017cdym czasie. Nie wp\u0142ywa to jednak na wa\u017cno\u015b\u0107 dokonanego wcze\u015bniej przetwarzania.<br>Podanie niekt\u00f3rych z Twoich danych osobowych, w zale\u017cno\u015bci od cel\u00f3w przetwarzania, mo\u017ce by\u0107 wymogiem ustawowym, umownym lub warunkiem zawarcia umowy. Jednak\u017ce, podanie danych jest wymogiem, aby zosta\u0142y osi\u0105gni\u0119te cele przetwarzania, w kt\u00f3rych dane zostaj\u0105 pobrane.<\/p>\n\n\n\n<p><strong>6. Czy wej\u015bcie w \u017cycie RODO 25 maja 2018 r. wp\u0142ywa na moj\u0105 przynale\u017cno\u015b\u0107 do Zwi\u0105zku Nauczycielstwa Polskiego?<\/strong><\/p>\n\n\n\n<p>Nie. RODO wprowadza po naszej stronie obowi\u0105zek poinformowanie Ci\u0119 o Twoich prawach w zwi\u0105zku z RODO, dlatego te\u017c sporz\u0105dzili\u015bmy niniejsz\u0105 informacj\u0119.<\/p>\n\n\n\n<p><strong>7. Jakie dane osobowe przetwarzane s\u0105 w zwi\u0105zku z celami realizowanymi przez ZNP?<\/strong><\/p>\n\n\n\n<p>W celach dzia\u0142alno\u015bci ZNP przetwarzamy:<\/p>\n\n\n\n<p>imi\u0119 i nazwisko,<br>numer PESEL,<br>adresy zamieszkania,<br>adresy mailowe,<br>numery telefon\u00f3w,<br>informacj\u0119 o cz\u0142onkostwie w Zwi\u0105zku Nauczycielstwa Polskiego i innych zwi\u0105zkach zawodowych,<br>informacje o stanie zdrowia.<\/p>\n\n\n\n<p><strong>8. Gdzie mog\u0119 uzyska\u0107 szczeg\u00f3\u0142owe informacje dotycz\u0105ce RODO?<\/strong><\/p>\n\n\n\n<p>Tre\u015b\u0107 RODO dost\u0119pna jest na oficjalnej stronie:&nbsp;<a href=\"https:\/\/eur-lex.europa.eu\/legal-content\/PL\/TXT\/HTML\/?uri=CELEX:32016R0679&amp;from=PL\" target=\"_blank\" rel=\"noreferrer noopener\">Dziennika Urz\u0119dowego Unii Europejskiej<\/a><\/p>\n\n\n\n<p>Informacje dotycz\u0105ce podstawowych zasad RODO, zada\u0144 Inspektora Ochrony Danych w ZNP i praktyczne wyja\u015bnienia w tym zakresie zawarte s\u0105 w informatorze, do kt\u00f3rego bezp\u0142atny dost\u0119p znajdziesz na stronie Zwi\u0105zku Nauczycielstwa Polskiego (<a href=\"http:\/\/www.znp.edu.pl\/\" target=\"_blank\" rel=\"noreferrer noopener\">www.znp.edu.pl<\/a>).<\/p>\n\n\n\n<p><strong>9. Kto jest odbiorc\u0105 moich danych osobowych?<\/strong><\/p>\n\n\n\n<p>Dane osobowe nie s\u0105 udost\u0119pniane \u017cadnym podmiotom, jako odr\u0119bnym administratorom danych osobowych. Mog\u0105 by\u0107 jednak przekazywane podmiotom przetwarzaj\u0105cym, z kt\u00f3rymi wsp\u00f3\u0142pracujemy. Do kategorii tych podmiot\u00f3w nale\u017c\u0105:<\/p>\n\n\n\n<p>podmioty \u015bwiadcz\u0105ce us\u0142ugi chmury, udost\u0119pniaj\u0105ce serwer poczty;<br>firmy ubezpieczeniowe, kt\u00f3re ubezpieczaj\u0105 nasze cz\u0142onkinie i cz\u0142onk\u00f3w od nast\u0119pstw nieszcz\u0119\u015bliwych wypadk\u00f3w;<br>organizatorzy imprez sportowych;<br>firmy przewozowe;<br>podmioty \u015bwiadcz\u0105cych us\u0142ugi informatyczne i obs\u0142ug\u0119 techniczn\u0105;<br>firmy ochroniarskie.<\/p>\n\n\n\n<p><strong>10. Czy moje dane s\u0105 przekazywane do pa\u0144stwa trzeciego?<\/strong><\/p>\n\n\n\n<p>Nie, Twoje dane nie s\u0105 przez nas przekazywane do pa\u0144stw trzecich. Gdyby do takiej sytuacji mia\u0142o doj\u015b\u0107, zostaniesz o tym indywidualnie poinformowany.<\/p>\n\n\n\n<p><strong>11. Jak d\u0142ugo b\u0119d\u0105 przetwarzane moje dane osobowe?<\/strong><\/p>\n\n\n\n<p>Czas, przez kt\u00f3ry przetwarzane s\u0105 Twoje dane osobowe, uzale\u017cniony jest od podstawy prawnej, na kt\u00f3rej opiera si\u0119 przetwarzanie. I tak w przypadku realizacji cel\u00f3w zwi\u0105zanych z przynale\u017cno\u015bci\u0105 zwi\u0105zkow\u0105 przetwarzamy Twoje dane przez czas Twojej przynale\u017cno\u015bci do Zwi\u0105zku.<\/p>\n\n\n\n<p>W celu realizacji umowy, przetwarzamy Twoje dane przez czas jej trwania. W celu prawnie uzasadnionego interesu przetwarzamy dane przez okres przedawnienia naszych roszcze\u0144 wzgl\u0119dem kontrahent\u00f3w, jak i przez czas, w kt\u00f3rym mo\u017cemy otrzyma\u0107 kar\u0119 za brak posiadania w\u0142a\u015bciwej dokumentacji. W celu archiwalnym przechowujemy dane wieczy\u015bcie, stosuj\u0105c odpowiednie ich zabezpieczenia. W przypadku, kiedy podstaw\u0119 do przetwarzania stanowi zgoda, dane osobowe przetwarzamy a\u017c do czasu wycofania zgody. W celu realizacji obowi\u0105zku prawnego dane b\u0119dziemy przetwarza\u0107 przez okres wymagany przez przepisy prawa powszechnie obowi\u0105zuj\u0105cego. Dane dotycz\u0105ce celu przetwarzania, jakim jest przyznawanie zasi\u0142k\u00f3w, przetwarzamy przez okres 5 lat.<\/p>\n\n\n\n<p><strong>12. Czy mog\u0119 liczy\u0107 na interwencj\u0119 organ\u00f3w pa\u0144stwowych w sprawie przetwarzania?<\/strong><\/p>\n\n\n\n<p>W zwi\u0105zku z przetwarzaniem Twoich danych osobowych przys\u0142uguje Ci prawo do wniesienia skargi do organu nadzorczego \u2013 je\u015bli uwa\u017casz, \u017ce przetwarzamy Twoje dane osobowe w spos\u00f3b niezgodny z prawem, w\u00f3wczas mo\u017cesz z\u0142o\u017cy\u0107 w tej sprawie skarg\u0119 do w\u0142a\u015bciwego organu nadzorczego.<\/p>\n\n\n\n<p><strong>13. Czy moje dane b\u0119d\u0105 przetwarzane w taki spos\u00f3b, \u017ce b\u0119d\u0105 wobec mnie automatycznie wydawane decyzje?<\/strong><\/p>\n\n\n\n<p>Nie, nie przetwarzamy Twoich danych w taki spos\u00f3b, jak r\u00f3wnie\u017c nie dokonujemy profilowania.<\/p>\n","protected":false},"excerpt":{"rendered":"Informacja nt. przetwarzania danych osobowych w ramach Zwi\u0105zku Nauczycielstwa Polskiego 1. Kto jest administratorem danych osobowych? Administratorem Twoich danych osobowych jest Zwi\u0105zek Nauczycielstwa Polskiego z siedzib\u0105 w Warszawie przy ul. Smulikowskiego 6\/8, zarejestrowany w Krajowym Rejestrze S\u0105dowym prowadzonym przez S\u0105d Rejonowy dla m. st. Warszawy w Warszawie, XII Wydzia\u0142 Gospodarczy KRS za numerem 0000150507, adres e-mail:&nbsp;znp@znp.edu.pl. W strukturach Zwi\u0105zku Nauczycielstwa Polskiego powo\u0142ano Inspektora Ochrony Danych, z kt\u00f3rym mo\u017cna kontaktowa\u0107 si\u0119 za pomoc\u0105 adresu e-mail:&nbsp;iod@znp.edu.pl. 2. Co to jest RODO? Jest to skr\u00f3t od Rozporz\u0105dzenia o Ochronie Danych Osobowych. RODO wprowadza nowe zagadnienia z zakresu praw os\u00f3b, kt\u00f3rych dane osobowe przetwarzamy. Jednym z cel\u00f3w RODO jest szczeg\u00f3\u0142owe informowanie tych os\u00f3b o przetwarzaniu ich danych. 3. Dlaczego Zwi\u0105zek Nauczycielstwa Polskiego przetwarza moje&#8230; <a class=\"view-article\" href=\"https:\/\/pruszkow.znp.edu.pl\/?page_id=53\">View Article<\/a>","protected":false},"author":63,"featured_media":0,"parent":0,"menu_order":0,"comment_status":"closed","ping_status":"closed","template":"","meta":{"ngg_post_thumbnail":0,"footnotes":""},"class_list":["post-53","page","type-page","status-publish","hentry"],"_links":{"self":[{"href":"https:\/\/pruszkow.znp.edu.pl\/index.php?rest_route=\/wp\/v2\/pages\/53","targetHints":{"allow":["GET"]}}],"collection":[{"href":"https:\/\/pruszkow.znp.edu.pl\/index.php?rest_route=\/wp\/v2\/pages"}],"about":[{"href":"https:\/\/pruszkow.znp.edu.pl\/index.php?rest_route=\/wp\/v2\/types\/page"}],"author":[{"embeddable":true,"href":"https:\/\/pruszkow.znp.edu.pl\/index.php?rest_route=\/wp\/v2\/users\/63"}],"replies":[{"embeddable":true,"href":"https:\/\/pruszkow.znp.edu.pl\/index.php?rest_route=%2Fwp%2Fv2%2Fcomments&post=53"}],"version-history":[{"count":3,"href":"https:\/\/pruszkow.znp.edu.pl\/index.php?rest_route=\/wp\/v2\/pages\/53\/revisions"}],"predecessor-version":[{"id":125,"href":"https:\/\/pruszkow.znp.edu.pl\/index.php?rest_route=\/wp\/v2\/pages\/53\/revisions\/125"}],"wp:attachment":[{"href":"https:\/\/pruszkow.znp.edu.pl\/index.php?rest_route=%2Fwp%2Fv2%2Fmedia&parent=53"}],"curies":[{"name":"wp","href":"https:\/\/api.w.org\/{rel}","templated":true}]}}