{"id":49,"date":"2024-05-20T12:29:33","date_gmt":"2024-05-20T10:29:33","guid":{"rendered":"https:\/\/radomsko.muprod.znp.edu.pl\/?page_id=49"},"modified":"2024-08-29T13:56:07","modified_gmt":"2024-08-29T11:56:07","slug":"benefity-strona","status":"publish","type":"page","link":"https:\/\/pruszkow.znp.edu.pl\/?page_id=49","title":{"rendered":"Benefity"},"content":{"rendered":"\n<p>Zwi\u0105zek Nauczycielstwa Polskiego zapewnia swoim cz\u0142onkom wiele benefit\u00f3w, kt\u00f3re maj\u0105 na celu wspieranie ich zar\u00f3wno w pracy zawodowej, jak i w \u017cyciu codziennym. Nasze benefity to nie tylko korzy\u015bci finansowe, ale r\u00f3wnie\u017c wsparcie prawne, szkolenia, dost\u0119p do program\u00f3w zdrowotnych i wiele innych. Poni\u017cej przedstawiamy szczeg\u00f3\u0142owy opis dost\u0119pnych benefit\u00f3w.<\/p>\n","protected":false},"excerpt":{"rendered":"Zwi\u0105zek Nauczycielstwa Polskiego zapewnia swoim cz\u0142onkom wiele benefit\u00f3w, kt\u00f3re maj\u0105 na celu wspieranie ich zar\u00f3wno w pracy zawodowej, jak i w \u017cyciu codziennym. Nasze benefity to nie tylko korzy\u015bci finansowe, ale r\u00f3wnie\u017c wsparcie prawne, szkolenia, dost\u0119p do program\u00f3w zdrowotnych i wiele innych. Poni\u017cej przedstawiamy szczeg\u00f3\u0142owy opis dost\u0119pnych benefit\u00f3w.","protected":false},"author":63,"featured_media":0,"parent":0,"menu_order":0,"comment_status":"closed","ping_status":"closed","template":"","meta":{"ngg_post_thumbnail":0,"footnotes":""},"class_list":["post-49","page","type-page","status-publish","hentry"],"_links":{"self":[{"href":"https:\/\/pruszkow.znp.edu.pl\/index.php?rest_route=\/wp\/v2\/pages\/49","targetHints":{"allow":["GET"]}}],"collection":[{"href":"https:\/\/pruszkow.znp.edu.pl\/index.php?rest_route=\/wp\/v2\/pages"}],"about":[{"href":"https:\/\/pruszkow.znp.edu.pl\/index.php?rest_route=\/wp\/v2\/types\/page"}],"author":[{"embeddable":true,"href":"https:\/\/pruszkow.znp.edu.pl\/index.php?rest_route=\/wp\/v2\/users\/63"}],"replies":[{"embeddable":true,"href":"https:\/\/pruszkow.znp.edu.pl\/index.php?rest_route=%2Fwp%2Fv2%2Fcomments&post=49"}],"version-history":[{"count":34,"href":"https:\/\/pruszkow.znp.edu.pl\/index.php?rest_route=\/wp\/v2\/pages\/49\/revisions"}],"predecessor-version":[{"id":413,"href":"https:\/\/pruszkow.znp.edu.pl\/index.php?rest_route=\/wp\/v2\/pages\/49\/revisions\/413"}],"wp:attachment":[{"href":"https:\/\/pruszkow.znp.edu.pl\/index.php?rest_route=%2Fwp%2Fv2%2Fmedia&parent=49"}],"curies":[{"name":"wp","href":"https:\/\/api.w.org\/{rel}","templated":true}]}}