{"id":46,"date":"2024-05-20T12:23:27","date_gmt":"2024-05-20T10:23:27","guid":{"rendered":"https:\/\/radomsko.muprod.znp.edu.pl\/?page_id=46"},"modified":"2024-08-28T11:45:46","modified_gmt":"2024-08-28T09:45:46","slug":"benefity","status":"publish","type":"page","link":"https:\/\/pruszkow.znp.edu.pl\/?page_id=46","title":{"rendered":"Benefity"},"content":{"rendered":"\n<p>Zapraszamy do zapoznania si\u0119 z nasz\u0105 ofert\u0105. Oferujemy wiele produkt\u00f3w.<\/p>\n","protected":false},"excerpt":{"rendered":"Zapraszamy do zapoznania si\u0119 z nasz\u0105 ofert\u0105. Oferujemy wiele produkt\u00f3w.","protected":false},"author":63,"featured_media":0,"parent":0,"menu_order":0,"comment_status":"closed","ping_status":"closed","template":"homepage_template.php","meta":{"ngg_post_thumbnail":0,"footnotes":""},"class_list":["post-46","page","type-page","status-publish","hentry"],"_links":{"self":[{"href":"https:\/\/pruszkow.znp.edu.pl\/index.php?rest_route=\/wp\/v2\/pages\/46","targetHints":{"allow":["GET"]}}],"collection":[{"href":"https:\/\/pruszkow.znp.edu.pl\/index.php?rest_route=\/wp\/v2\/pages"}],"about":[{"href":"https:\/\/pruszkow.znp.edu.pl\/index.php?rest_route=\/wp\/v2\/types\/page"}],"author":[{"embeddable":true,"href":"https:\/\/pruszkow.znp.edu.pl\/index.php?rest_route=\/wp\/v2\/users\/63"}],"replies":[{"embeddable":true,"href":"https:\/\/pruszkow.znp.edu.pl\/index.php?rest_route=%2Fwp%2Fv2%2Fcomments&post=46"}],"version-history":[{"count":3,"href":"https:\/\/pruszkow.znp.edu.pl\/index.php?rest_route=\/wp\/v2\/pages\/46\/revisions"}],"predecessor-version":[{"id":396,"href":"https:\/\/pruszkow.znp.edu.pl\/index.php?rest_route=\/wp\/v2\/pages\/46\/revisions\/396"}],"wp:attachment":[{"href":"https:\/\/pruszkow.znp.edu.pl\/index.php?rest_route=%2Fwp%2Fv2%2Fmedia&parent=46"}],"curies":[{"name":"wp","href":"https:\/\/api.w.org\/{rel}","templated":true}]}}