{"id":40,"date":"2024-05-20T12:15:16","date_gmt":"2024-05-20T10:15:16","guid":{"rendered":"https:\/\/radomsko.muprod.znp.edu.pl\/?page_id=40"},"modified":"2024-05-28T12:57:10","modified_gmt":"2024-05-28T10:57:10","slug":"o-nas","status":"publish","type":"page","link":"https:\/\/pruszkow.znp.edu.pl\/?page_id=40","title":{"rendered":"O ZNP"},"content":{"rendered":"\n<h3 class=\"wp-block-heading has-text-align-center\">JESTE\u015aMY NAJ<br>Najwi\u0119kszym<br>Najnowocze\u015bniejszym<br>Najstarszym zwi\u0105zkiem zawodowym w Polsce!<\/h3>\n\n\n<div class=\"wp-block-image\">\n<figure class=\"aligncenter size-full\"><img loading=\"lazy\" decoding=\"async\" width=\"700\" height=\"350\" src=\"http:\/\/radomsko.muprod.znp.edu.pl\/wp-content\/uploads\/sites\/89\/2024\/05\/znp_baner_glowny_740x370px_7-2048x1024-1-700x350-1.png\" alt=\"\" class=\"wp-image-145\" srcset=\"https:\/\/pruszkow.znp.edu.pl\/wp-content\/uploads\/sites\/89\/2024\/05\/znp_baner_glowny_740x370px_7-2048x1024-1-700x350-1.png 700w, https:\/\/pruszkow.znp.edu.pl\/wp-content\/uploads\/sites\/89\/2024\/05\/znp_baner_glowny_740x370px_7-2048x1024-1-700x350-1-250x125.png 250w, https:\/\/pruszkow.znp.edu.pl\/wp-content\/uploads\/sites\/89\/2024\/05\/znp_baner_glowny_740x370px_7-2048x1024-1-700x350-1-120x60.png 120w\" sizes=\"auto, (max-width: 700px) 100vw, 700px\" \/><\/figure>\n<\/div>\n\n\n<h3 class=\"wp-block-heading\"><mark style=\"background-color:#ffffff\" class=\"has-inline-color has-vivid-red-color\">JESTE\u015aMY<\/mark><\/h3>\n\n\n\n<p>Nauczycielami i nauczycielkami, pracownikami o\u015bwiaty i wychowania oraz szkolnictwa wy\u017cszego i nauki dzia\u0142aj\u0105cymi w najstarszym i najwi\u0119kszym zwi\u0105zku zawodowym w Polsce, istniej\u0105cym od 1905 roku.<\/p>\n\n\n\n<p>Jest nas<strong>&nbsp;<a rel=\"noreferrer noopener\" href=\"https:\/\/znp.edu.pl\/mapa-oddzialow\/\" target=\"_blank\">200&nbsp;<\/a><\/strong>tysi\u0119cy,&nbsp;skupionych w 16 okr\u0119gach wojew\u00f3dzkich, 1300 oddzia\u0142ach powiatowych i gminnych, 12 tysi\u0105cach ognisk w szko\u0142ach i plac\u00f3wkach.<\/p>\n\n\n\n<p>Dzia\u0142amy w ramach Krajowej Sekcji Pracownik\u00f3w Administracji i Obs\u0142ugi oraz&nbsp;<a href=\"https:\/\/rszwin.znp.edu.pl\/\" target=\"_blank\" rel=\"noreferrer noopener\">Rady Szkolnictwa Wy\u017cszego i Nauki ZNP<\/a>.<\/p>\n\n\n\n<p>Swoim do\u015bwiadczeniem wspieraj\u0105 nas seniorzy (Sekcja Emeryt\u00f3w i Rencist\u00f3w), a entuzjazmem zara\u017caj\u0105 m\u0142odzi (Kluby M\u0142odego Nauczyciela i Centralny Klub M\u0142odego Nauczyciela).<\/p>\n\n\n\n<p>Cenimy sobie wsp\u00f3\u0142prac\u0119 z samorz\u0105dami, organizacjami pozarz\u0105dowymi, instytucjami edukacyjnymi.<\/p>\n\n\n\n<p>Jeste\u015bmy cz\u0142onkami 30-milionowej \u015bwiatowej spo\u0142eczno\u015bci zrzeszonej w Mi\u0119dzynarod\u00f3wce Edukacyjnej \u2013&nbsp;<a href=\"https:\/\/www.ei-ie.org\/\" target=\"_blank\" rel=\"noreferrer noopener\">Education International.<\/a><\/p>\n\n\n\n<h3 class=\"wp-block-heading\"><mark style=\"background-color:#ffffff\" class=\"has-inline-color has-vivid-red-color\">BRONIMY<\/mark><\/h3>\n\n\n\n<ul class=\"wp-block-list\">\n<li>Godno\u015bci zawodu nauczycieli i pracownik\u00f3w o\u015bwiaty<\/li>\n\n\n\n<li>Odpowiednich warunk\u00f3w pracy i p\u0142acy<\/li>\n<\/ul>\n\n\n\n<h3 class=\"wp-block-heading\"><mark style=\"background-color:#ffffff\" class=\"has-inline-color has-vivid-red-color\">CHCEMY<\/mark><\/h3>\n\n\n\n<ul class=\"wp-block-list\">\n<li>Godnych zarobk\u00f3w<\/li>\n\n\n\n<li>Poszanowania zawodu nauczyciela i pracownika o\u015bwiaty<\/li>\n\n\n\n<li>Dobrej publicznej edukacji dla wszystkich<\/li>\n\n\n\n<li>Bezp\u0142atnego kszta\u0142cenia na wszystkich poziomach edukacji<\/li>\n<\/ul>\n\n\n\n<h3 class=\"wp-block-heading\"><mark style=\"background-color:#ffffff\" class=\"has-inline-color has-vivid-red-color\">PROPONUJEMY<\/mark><\/h3>\n\n\n\n<ul class=\"wp-block-list\">\n<li>Wzrost nak\u0142ad\u00f3w na edukacj\u0119 do 5 proc. PKB<\/li>\n\n\n\n<li>Zwi\u0119kszenie autonomii szk\u00f3\u0142 i nauczycieli<\/li>\n\n\n\n<li>Wzrost wynagrodze\u0144 nauczycieli i pracownik\u00f3w o\u015bwiaty<\/li>\n\n\n\n<li>Zmniejszenie biurokracji w szko\u0142ach<\/li>\n\n\n\n<li>Odchudzenie podstaw programowych<\/li>\n\n\n\n<li>Kszta\u0142cenie umiej\u0119tno\u015bci zamiast nauki pami\u0119ciowej<\/li>\n<\/ul>\n\n\n\n<h3 class=\"wp-block-heading\"><mark style=\"background-color:#ffffff\" class=\"has-inline-color has-vivid-red-color\">INICJUJEMY<\/mark><\/h3>\n\n\n\n<ul class=\"wp-block-list\">\n<li>Obywatelskie projekty ustawodawcze<\/li>\n\n\n\n<li>Edukacyjne strategie i debaty<\/li>\n\n\n\n<li>Kampanie i akcje spo\u0142eczne na rzecz edukacji<\/li>\n\n\n\n<li>Akcje protestacyjne w obronie jako\u015bci kszta\u0142cenia oraz statusu nauczycieli i pracownik\u00f3w<\/li>\n\n\n\n<li>Negocjacje p\u0142acowe<\/li>\n\n\n\n<li>Projekty edukacyjne z organizacjami pozarz\u0105dowymi i mi\u0119dzynarodowe projekty<\/li>\n<\/ul>\n\n\n\n<h3 class=\"wp-block-heading\"><mark style=\"background-color:#ffffff\" class=\"has-inline-color has-vivid-red-color\">OFERUJEMY<\/mark><\/h3>\n\n\n\n<ul class=\"wp-block-list\">\n<li>Wsparcie i pomoc w miejscu pracy<\/li>\n\n\n\n<li>Przynale\u017cno\u015b\u0107 do presti\u017cowej, najstarszej organizacji zwi\u0105zkowej broni\u0105cej nauczycieli i pracownik\u00f3w o\u015bwiaty<\/li>\n\n\n\n<li>Pomoc prawn\u0105:<\/li>\n<\/ul>\n\n\n\n<ul class=\"wp-block-list\">\n<li>Bezp\u0142atne poradnictwo prawne<\/li>\n\n\n\n<li>Reprezentowanie przez przedstawiciela zwi\u0105zkowego przed s\u0105dem I i II instancji<\/li>\n\n\n\n<li>Wsparcie finansowe w szczeg\u00f3lnych przypadkach \u017cyciowych<\/li>\n\n\n\n<li>Zasi\u0142ki z tytu\u0142u urodzenia dziecka, \u015bmierci cz\u0142onka rodziny i \u015bmierci cz\u0142onka ZNP (t\u0119 ostatni\u0105 otrzymuje najbli\u017csza rodzina)<\/li>\n\n\n\n<li>Zapomogi w trudnych sytuacjach losowych i zdrowotnych<\/li>\n\n\n\n<li>Opiek\u0119 nad cz\u0142onkami emerytami wymagaj\u0105cymi pomocy<\/li>\n\n\n\n<li>Rzeteln\u0105 informacj\u0119<\/li>\n\n\n\n<li>Wsparcie zawodowe<\/li>\n\n\n\n<li>Udzia\u0142 w konsultacjach daj\u0105cy wp\u0142yw na kszta\u0142t rozwi\u0105za\u0144 systemowych i lokalnych<\/li>\n\n\n\n<li>Bezp\u0142atne szkolenia, kursy i webinaria<\/li>\n\n\n\n<li>Wydawnictwa i publikacje<\/li>\n\n\n\n<li>Zni\u017cki w naszych o\u015brodkach wypoczynkowych na terenie ca\u0142ej Polski<\/li>\n\n\n\n<li>Bonusy i rabaty zwi\u0105zane z cz\u0142onkostwem<\/li>\n<\/ul>\n\n\n\n<h3 class=\"wp-block-heading\"><mark style=\"background-color:#ffffff\" class=\"has-inline-color has-vivid-red-color\">WIERZYMY W<\/mark><\/h3>\n\n\n<div class=\"wp-block-image\">\n<figure class=\"alignright is-resized\"><img decoding=\"async\" src=\"https:\/\/znp.edu.pl\/assets\/uploads\/2021\/04\/odpowiedzialnosc-Zjazd-250x357.jpg\" alt=\"\" class=\"wp-image-12271\" style=\"aspect-ratio:0.7002801120448179;width:260px;height:auto\" \/><\/figure>\n<\/div>\n\n\n<p>Profesjonalizm nauczycielek i nauczycieli oraz pracownic i pracownik\u00f3w edukacji.<\/p>\n\n\n\n<p>Si\u0142\u0119 wsp\u00f3\u0142dzia\u0142ania i skuteczno\u015b\u0107 wsp\u00f3\u0142pracy.<\/p>\n\n\n\n<p>Sprawiedliwo\u015b\u0107 spo\u0142eczn\u0105, gwarantuj\u0105c\u0105 ka\u017cdemu prawo do edukacji, wszechstronnego rozwoju jego talent\u00f3w i umiej\u0119tno\u015bci dla osi\u0105gni\u0119cia szcz\u0119\u015bcia i niezale\u017cno\u015bci.<\/p>\n\n\n\n<p>R\u00f3wno\u015b\u0107 szans, zapewniaj\u0105c\u0105 wszystkim, bez wzgl\u0119du na status spo\u0142eczny i miejsce zamieszkania, dobr\u0105 edukacj\u0119, szacunek dla ich godno\u015bci i odmienno\u015bci.<\/p>\n\n\n\n<p>Demokracj\u0119, kt\u00f3rej filarem jest edukacja obywatelska kszta\u0142c\u0105ca zaanga\u017cowanych, \u015bwiadomych i odpowiedzialnych cz\u0142onk\u00f3w spo\u0142ecze\u0144stwa.<\/p>\n\n\n\n<p>Partnerstwo z rodzicami, lokalnymi spo\u0142eczno\u015bciami, \u015brodowiskiem naukowym s\u0142u\u017c\u0105ce osi\u0105gni\u0119ciu przez uczennice i uczni\u00f3w coraz lepszych wynik\u00f3w.<\/p>\n\n\n\n<p>Wsp\u00f3\u0142dzia\u0142anie cz\u0142onki\u0144 i cz\u0142onk\u00f3w Zwi\u0105zku Nauczycielstwa Polskiego oraz naszych sympatyk\u00f3w, zapewniaj\u0105ce bardziej skuteczne dzia\u0142anie na rzecz edukacji jako dobra wsp\u00f3lnego.<\/p>\n\n\n\n<hr class=\"wp-block-separator has-alpha-channel-opacity\" \/>\n\n\n\n<h4 class=\"wp-block-heading\"><mark style=\"background-color:#ffffff\" class=\"has-inline-color\"><a rel=\"noreferrer noopener\" href=\"https:\/\/znp.edu.pl\/deklaracja-czlonkowska-znp\/\" target=\"_blank\">Do\u0142\u0105cz do nas!<\/a>\u00a0<\/mark>Jeste\u015bmy nowoczesn\u0105 organizacj\u0105 zwi\u0105zkow\u0105 z najwi\u0119kszym dorobkiem!<br><br>Zapisz si\u0119 do ZNP! To Zdecydowanie Najlepsza Przynale\u017cno\u015b\u0107!<\/h4>\n","protected":false},"excerpt":{"rendered":"JESTE\u015aMY NAJNajwi\u0119kszymNajnowocze\u015bniejszymNajstarszym zwi\u0105zkiem zawodowym w Polsce! JESTE\u015aMY Nauczycielami i nauczycielkami, pracownikami o\u015bwiaty i wychowania oraz szkolnictwa wy\u017cszego i nauki dzia\u0142aj\u0105cymi w najstarszym i najwi\u0119kszym zwi\u0105zku zawodowym w Polsce, istniej\u0105cym od 1905 roku. Jest nas&nbsp;200&nbsp;tysi\u0119cy,&nbsp;skupionych w 16 okr\u0119gach wojew\u00f3dzkich, 1300 oddzia\u0142ach powiatowych i gminnych, 12 tysi\u0105cach ognisk w szko\u0142ach i plac\u00f3wkach. Dzia\u0142amy w ramach Krajowej Sekcji Pracownik\u00f3w Administracji i Obs\u0142ugi oraz&nbsp;Rady Szkolnictwa Wy\u017cszego i Nauki ZNP. Swoim do\u015bwiadczeniem wspieraj\u0105 nas seniorzy (Sekcja Emeryt\u00f3w i Rencist\u00f3w), a entuzjazmem zara\u017caj\u0105 m\u0142odzi (Kluby M\u0142odego Nauczyciela i Centralny Klub M\u0142odego Nauczyciela). Cenimy sobie wsp\u00f3\u0142prac\u0119 z samorz\u0105dami, organizacjami pozarz\u0105dowymi, instytucjami edukacyjnymi. Jeste\u015bmy cz\u0142onkami 30-milionowej \u015bwiatowej spo\u0142eczno\u015bci zrzeszonej w Mi\u0119dzynarod\u00f3wce Edukacyjnej \u2013&nbsp;Education International. BRONIMY CHCEMY PROPONUJEMY INICJUJEMY OFERUJEMY WIERZYMY W Profesjonalizm nauczycielek i nauczycieli oraz pracownic i&#8230; <a class=\"view-article\" href=\"https:\/\/pruszkow.znp.edu.pl\/?page_id=40\">View Article<\/a>","protected":false},"author":63,"featured_media":0,"parent":0,"menu_order":0,"comment_status":"closed","ping_status":"closed","template":"","meta":{"ngg_post_thumbnail":0,"footnotes":""},"class_list":["post-40","page","type-page","status-publish","hentry"],"_links":{"self":[{"href":"https:\/\/pruszkow.znp.edu.pl\/index.php?rest_route=\/wp\/v2\/pages\/40","targetHints":{"allow":["GET"]}}],"collection":[{"href":"https:\/\/pruszkow.znp.edu.pl\/index.php?rest_route=\/wp\/v2\/pages"}],"about":[{"href":"https:\/\/pruszkow.znp.edu.pl\/index.php?rest_route=\/wp\/v2\/types\/page"}],"author":[{"embeddable":true,"href":"https:\/\/pruszkow.znp.edu.pl\/index.php?rest_route=\/wp\/v2\/users\/63"}],"replies":[{"embeddable":true,"href":"https:\/\/pruszkow.znp.edu.pl\/index.php?rest_route=%2Fwp%2Fv2%2Fcomments&post=40"}],"version-history":[{"count":27,"href":"https:\/\/pruszkow.znp.edu.pl\/index.php?rest_route=\/wp\/v2\/pages\/40\/revisions"}],"predecessor-version":[{"id":168,"href":"https:\/\/pruszkow.znp.edu.pl\/index.php?rest_route=\/wp\/v2\/pages\/40\/revisions\/168"}],"wp:attachment":[{"href":"https:\/\/pruszkow.znp.edu.pl\/index.php?rest_route=%2Fwp%2Fv2%2Fmedia&parent=40"}],"curies":[{"name":"wp","href":"https:\/\/api.w.org\/{rel}","templated":true}]}}