{"id":330,"date":"2024-07-02T13:10:39","date_gmt":"2024-07-02T11:10:39","guid":{"rendered":"https:\/\/pruszkow.muprod.znp.edu.pl\/?page_id=330"},"modified":"2025-03-13T12:35:42","modified_gmt":"2025-03-13T11:35:42","slug":"kasa-zp","status":"publish","type":"page","link":"https:\/\/pruszkow.znp.edu.pl\/?page_id=330","title":{"rendered":"MKZ-P"},"content":{"rendered":"\n<h4 class=\"wp-block-heading\"><mark style=\"background-color:#ffffff\" class=\"has-inline-color has-vivid-red-color\">Zarz\u0105d MKZ-P<\/mark><\/h4>\n\n\n\n<ul class=\"wp-block-list\">\n<li>Jadwiga Strzelecka &#8211; Przewodnicz\u0105ca Zarz\u0105du<\/li>\n\n\n\n<li>Maria Cichosz &#8211; Wice Przewodnicz\u0105ca<\/li>\n\n\n\n<li>Jadwiga Karolak &#8211; Sekretarz<\/li>\n\n\n\n<li>Anna D\u0105browska &#8211; Cz\u0142onek Zarz\u0105du<\/li>\n\n\n\n<li>Marta G\u0142odkowska &#8211; Cz\u0142onek Zarz\u0105du<\/li>\n\n\n\n<li>Iwona Grabowska &#8211; Cz\u0142onek Zarz\u0105du<\/li>\n<\/ul>\n\n\n\n<hr class=\"wp-block-separator has-alpha-channel-opacity\" \/>\n\n\n\n<h4 class=\"wp-block-heading\"><mark style=\"background-color:#ffffff\" class=\"has-inline-color has-vivid-red-color\">Komisja Rewizyjna MKZ-P<\/mark><\/h4>\n\n\n\n<ul class=\"wp-block-list\">\n<li>Ma\u0142gorzata Sieradzka &#8211; Przewodnicz\u0105ca Komisji<\/li>\n\n\n\n<li>Dagmara Kubik <\/li>\n\n\n\n<li>Dominika W\u00f3jcik <\/li>\n<\/ul>\n\n\n\n<hr class=\"wp-block-separator has-alpha-channel-opacity\" \/>\n\n\n\n<h4 class=\"wp-block-heading\"><mark style=\"background-color:#ffffff\" class=\"has-inline-color has-vivid-red-color\">Adres<\/mark><\/h4>\n\n\n\n<ul class=\"wp-block-list\">\n<li>Mi\u0119dzyzak\u0142adowa Kasa Zapomogowo Po\u017cyczkowa O\u015bwiaty w Pruszkowie<\/li>\n\n\n\n<li>ul. Bohater\u00f3w Warszawy 23<\/li>\n\n\n\n<li>05 &#8211; 800 Pruszk\u00f3w<\/li>\n\n\n\n<li>tel. <a href=\"tel:+48227287232\"><mark style=\"background-color:#ffffff\" class=\"has-inline-color has-vivid-cyan-blue-color\">(22) 728 72 32<\/mark><\/a><\/li>\n\n\n\n<li>email: <a href=\"mailto:pkzp_oswiata@wp.pl\"><mark style=\"background-color:#ffffff\" class=\"has-inline-color has-vivid-cyan-blue-color\">pkzp_oswiata@wp.pl<\/mark><\/a><\/li>\n<\/ul>\n\n\n\n<hr class=\"wp-block-separator aligncenter has-alpha-channel-opacity\" \/>\n\n\n\n<h4 class=\"wp-block-heading\"><mark style=\"background-color:#ffffff\" class=\"has-inline-color has-vivid-red-color\">Statut MKZ-P<\/mark><\/h4>\n\n\n\n<div data-wp-interactive=\"core\/file\" class=\"wp-block-file\"><object data-wp-bind--hidden=\"!state.hasPdfPreview\" hidden class=\"wp-block-file__embed\" data=\"https:\/\/pruszkow.muprod.znp.edu.pl\/wp-content\/uploads\/sites\/89\/2025\/03\/mkzp-nowy_statut-1.pdf\" type=\"application\/pdf\" style=\"width:100%;height:200px\" aria-label=\"Osadzone z Status MZK-P.\"><\/object><a id=\"wp-block-file--media-93cc7d6d-7d5c-4adf-98c5-19e2b70ee3a0\" href=\"https:\/\/pruszkow.muprod.znp.edu.pl\/wp-content\/uploads\/sites\/89\/2025\/03\/mkzp-nowy_statut-1.pdf\">Status MZK-P<\/a><a href=\"https:\/\/pruszkow.muprod.znp.edu.pl\/wp-content\/uploads\/sites\/89\/2025\/03\/mkzp-nowy_statut-1.pdf\" class=\"wp-block-file__button wp-element-button\" download aria-describedby=\"wp-block-file--media-93cc7d6d-7d5c-4adf-98c5-19e2b70ee3a0\">Pobierz<\/a><\/div>\n\n\n\n<hr class=\"wp-block-separator aligncenter has-alpha-channel-opacity\" \/>\n\n\n\n<h4 class=\"wp-block-heading\"><mark style=\"background-color:#ffffff\" class=\"has-inline-color has-vivid-red-color\">Deklaracje i wnioski<\/mark><\/h4>\n\n\n\n<p><\/p>\n\n\n\n<div class=\"wp-block-file\"><a id=\"wp-block-file--media-2b00f1d6-11a3-4a1c-af50-be472d98dcbb\" href=\"https:\/\/pruszkow.muprod.znp.edu.pl\/wp-content\/uploads\/sites\/89\/2024\/12\/Deklaracja-przystapienia-do-MKZP-1.docx\">Deklaracja przyst\u0105pienia do MKZP<\/a><a href=\"https:\/\/pruszkow.muprod.znp.edu.pl\/wp-content\/uploads\/sites\/89\/2024\/12\/Deklaracja-przystapienia-do-MKZP-1.docx\" class=\"wp-block-file__button wp-element-button\" download aria-describedby=\"wp-block-file--media-2b00f1d6-11a3-4a1c-af50-be472d98dcbb\">Pobierz<\/a><\/div>\n\n\n\n<div class=\"wp-block-file\"><a id=\"wp-block-file--media-d16128c1-a294-4bbd-8b29-212ab181b207\" href=\"https:\/\/pruszkow.muprod.znp.edu.pl\/wp-content\/uploads\/sites\/89\/2024\/12\/Wniosek-o-skreslenie-z-listy-czlonkow-MKZP.docx\">Wniosek  o skre\u015blenie z listy cz\u0142onk\u00f3w MKZP<\/a><a href=\"https:\/\/pruszkow.muprod.znp.edu.pl\/wp-content\/uploads\/sites\/89\/2024\/12\/Wniosek-o-skreslenie-z-listy-czlonkow-MKZP.docx\" class=\"wp-block-file__button wp-element-button\" download aria-describedby=\"wp-block-file--media-d16128c1-a294-4bbd-8b29-212ab181b207\">Pobierz<\/a><\/div>\n\n\n\n<div class=\"wp-block-file\"><a id=\"wp-block-file--media-70630408-fea2-48ec-8345-8af263dfc6de\" href=\"https:\/\/pruszkow.muprod.znp.edu.pl\/wp-content\/uploads\/sites\/89\/2024\/12\/Wniosek-o-udzielenie-pozyczki-MKZP.docx\">Wniosek o udzielenie po\u017cyczki MKZP<\/a><a href=\"https:\/\/pruszkow.muprod.znp.edu.pl\/wp-content\/uploads\/sites\/89\/2024\/12\/Wniosek-o-udzielenie-pozyczki-MKZP.docx\" class=\"wp-block-file__button wp-element-button\" download aria-describedby=\"wp-block-file--media-70630408-fea2-48ec-8345-8af263dfc6de\">Pobierz<\/a><\/div>\n\n\n\n<div class=\"wp-block-file\"><a id=\"wp-block-file--media-155b3f62-8acc-4dd5-898a-67ac2065801c\" href=\"https:\/\/pruszkow.muprod.znp.edu.pl\/wp-content\/uploads\/sites\/89\/2024\/12\/Wzor-umowy-pozyczki-z-funduszu-MKZP.docx\">Wz\u00f3r umowy po\u017cyczki z funduszu MKZP<\/a><a href=\"https:\/\/pruszkow.muprod.znp.edu.pl\/wp-content\/uploads\/sites\/89\/2024\/12\/Wzor-umowy-pozyczki-z-funduszu-MKZP.docx\" class=\"wp-block-file__button wp-element-button\" download aria-describedby=\"wp-block-file--media-155b3f62-8acc-4dd5-898a-67ac2065801c\">Pobierz<\/a><\/div>\n\n\n\n<hr class=\"wp-block-separator has-alpha-channel-opacity\" \/>\n\n\n\n<p><\/p>\n","protected":false},"excerpt":{"rendered":"Zarz\u0105d MKZ-P Komisja Rewizyjna MKZ-P Adres Statut MKZ-P Deklaracje i wnioski","protected":false},"author":63,"featured_media":0,"parent":0,"menu_order":0,"comment_status":"closed","ping_status":"closed","template":"","meta":{"ngg_post_thumbnail":0,"footnotes":""},"class_list":["post-330","page","type-page","status-publish","hentry"],"_links":{"self":[{"href":"https:\/\/pruszkow.znp.edu.pl\/index.php?rest_route=\/wp\/v2\/pages\/330","targetHints":{"allow":["GET"]}}],"collection":[{"href":"https:\/\/pruszkow.znp.edu.pl\/index.php?rest_route=\/wp\/v2\/pages"}],"about":[{"href":"https:\/\/pruszkow.znp.edu.pl\/index.php?rest_route=\/wp\/v2\/types\/page"}],"author":[{"embeddable":true,"href":"https:\/\/pruszkow.znp.edu.pl\/index.php?rest_route=\/wp\/v2\/users\/63"}],"replies":[{"embeddable":true,"href":"https:\/\/pruszkow.znp.edu.pl\/index.php?rest_route=%2Fwp%2Fv2%2Fcomments&post=330"}],"version-history":[{"count":39,"href":"https:\/\/pruszkow.znp.edu.pl\/index.php?rest_route=\/wp\/v2\/pages\/330\/revisions"}],"predecessor-version":[{"id":511,"href":"https:\/\/pruszkow.znp.edu.pl\/index.php?rest_route=\/wp\/v2\/pages\/330\/revisions\/511"}],"wp:attachment":[{"href":"https:\/\/pruszkow.znp.edu.pl\/index.php?rest_route=%2Fwp%2Fv2%2Fmedia&parent=330"}],"curies":[{"name":"wp","href":"https:\/\/api.w.org\/{rel}","templated":true}]}}