{"id":260,"date":"2024-06-03T12:52:36","date_gmt":"2024-06-03T10:52:36","guid":{"rendered":"https:\/\/radomsko.muprod.znp.edu.pl\/?page_id=260"},"modified":"2024-08-29T14:12:54","modified_gmt":"2024-08-29T12:12:54","slug":"regulaminy","status":"publish","type":"page","link":"https:\/\/pruszkow.znp.edu.pl\/?page_id=260","title":{"rendered":"Regulaminy"},"content":{"rendered":"\n<h2 class=\"wp-block-heading has-text-align-center\">Regulamin przyznawania zasi\u0142k\u00f3w statutowych cz\u0142onkom ZNP<\/h2>\n\n\n\n<p><strong>Uchwa\u0142a Nr 18\/2022<\/strong><\/p>\n\n\n\n<p><strong>Zarz\u0105du G\u0142\u00f3wnego Zwi\u0105zku Nauczycielstwa Polskiego<\/strong> <strong>z dnia 19 wrze\u015bnia 2022r.<\/strong> <strong>w sprawie ustalenia minimalnych kwot zasi\u0142k\u00f3w statutowych<\/strong> <strong>w sprawie ustalenia minimalnych kwot zasi\u0142k\u00f3w statutowych<\/strong><\/p>\n\n\n\n<p>Dzia\u0142aj\u0105c na podstawie art. 10 ust. 1 pkt 9 Statutu ZNP, Zarz\u0105d G\u0142\u00f3wny ZNP postanawia:<\/p>\n\n\n\n<p class=\"has-text-align-center\">\u00a71<\/p>\n\n\n\n<p>Minimalne kwoty zasi\u0142k\u00f3w statutowych wynosz\u0105:<\/p>\n\n\n\n<ul class=\"wp-block-list\">\n<li>zasi\u0142ek z tytu\u0142u urodzenia dziecka \u2013 250,00 PLN<\/li>\n\n\n\n<li>zasi\u0142ek z tytu\u0142u zgonu cz\u0142onka rodziny \u2013 250,00 PLN<\/li>\n\n\n\n<li>zasi\u0142ek z tytu\u0142u zgonu cz\u0142onka ZNP \u2013 250,00 PLN.<\/li>\n<\/ul>\n\n\n\n<p class=\"has-text-align-center\">\u00a72<\/p>\n\n\n\n<p>Traci moc uchwa\u0142a Zarz\u0105du G\u0142\u00f3wnego ZNP z dnia 18 grudnia 2007 roku w &nbsp;sprawie ustalenia minimalnych kwot zasi\u0142k\u00f3w statutowych.<\/p>\n\n\n\n<p class=\"has-text-align-center\">\u00a73<\/p>\n\n\n\n<p>Uchwa\u0142a wchodzi w \u017cycie z dniem 1 pa\u017adziernika 2022 r.<\/p>\n\n\n\n<p class=\"has-text-align-right\"><strong>Za Zarz\u0105d G\u0142\u00f3wny ZNP<\/strong><\/p>\n\n\n\n<p>Za\u0142\u0105czniki:<\/p>\n\n\n\n<div class=\"wp-block-file\"><a id=\"wp-block-file--media-fc929f1d-dd29-48b2-b5fe-0771e5f9ad98\" href=\"http:\/\/radomsko.muprod.znp.edu.pl\/wp-content\/uploads\/sites\/89\/2024\/05\/Wniosek-o-wyplate-zasilku-statutowego-2018-1.doc\">Wniosek o wyp\u0142at\u0119 zasi\u0142ku statutowego<\/a><a href=\"http:\/\/radomsko.muprod.znp.edu.pl\/wp-content\/uploads\/sites\/89\/2024\/05\/Wniosek-o-wyplate-zasilku-statutowego-2018-1.doc\" class=\"wp-block-file__button wp-element-button\" download aria-describedby=\"wp-block-file--media-fc929f1d-dd29-48b2-b5fe-0771e5f9ad98\">Pobierz<\/a><\/div>\n\n\n\n<hr class=\"wp-block-separator has-alpha-channel-opacity\"\/>\n\n\n\n<h2 class=\"wp-block-heading has-text-align-center\">Regulamin przyznawania zapom\u00f3g cz\u0142onkom ZNP<\/h2>\n\n\n\n<h5 class=\"wp-block-heading has-text-align-center\"><strong>przyj\u0119ty przez Zarz\u0105d G\u0142\u00f3wny ZNP w dniu 30 wrze\u015bnia 2015 r.&nbsp;i znowelizowany w dniu 18 grudnia 2018r.<\/strong><\/h5>\n\n\n\n<p class=\"has-text-align-center\">\u00a71<\/p>\n\n\n\n<p>Cz\u0142onkowi ZNP, kt\u00f3ry na skutek zdarze\u0144 losowych, a zw\u0142aszcza kl\u0119sk \u017cywio\u0142owych dozna\u0142 znacznego uszczerbku maj\u0105tkowego albo ponosi znaczne wydatki zwi\u0105zane z leczeniem lub rehabilitacj\u0105, jak r\u00f3wnie\u017c z innych uzasadnionych przyczyn mo\u017ce by\u0107 przyznana zapomoga losowa.<\/p>\n\n\n\n<p class=\"has-text-align-center\">\u00a72<\/p>\n\n\n\n<ol class=\"wp-block-list\">\n<li>W ramach bud\u017cetu Zarz\u0105du G\u0142\u00f3wnego ZNP wyodr\u0119bnia si\u0119 corocznie \u015brodki na Fundusz Specjalnej Pomocy dla Cz\u0142onk\u00f3w ZNP.<\/li>\n\n\n\n<li>Prezydium Zarz\u0105du G\u0142\u00f3wnego ZNP ustala maksymaln\u0105 oraz minimaln\u0105 wysoko\u015b\u0107 zapom\u00f3g przyznawanych ze \u015brodk\u00f3w Funduszu, o kt\u00f3rym mowa w ust. 1.<\/li>\n\n\n\n<li>W szczeg\u00f3lnie uzasadnionych przypadkach Prezydium Zarz\u0105du G\u0142\u00f3wnego mo\u017ce podj\u0105\u0107 decyzj\u0119 o przyznaniu zapomogi w wysoko\u015bci wy\u017cszej od wysoko\u015bci maksymalnej okre\u015blonej zgodnie z ust. 2.<\/li>\n<\/ol>\n\n\n\n<p class=\"has-text-align-center\">\u00a73<\/p>\n\n\n\n<ol class=\"wp-block-list\">\n<li>Zapomog\u0119, o kt\u00f3rej mowa w \u00a7 1, przyznaje Prezydium Zarz\u0105du G\u0142\u00f3wnego ZNP na wniosek cz\u0142onka ZNP.<\/li>\n\n\n\n<li>W szczeg\u00f3lnie uzasadnionych przypadkach o zapomog\u0119 w imieniu cz\u0142onka ZNP mo\u017ce wnioskowa\u0107 cz\u0142onek jego rodziny (w rozumieniu ustawy z dnia 12 marca 2004 r. o pomocy spo\u0142ecznej). Zasadno\u015b\u0107 tego wniosku weryfikuje cz\u0142onek sekretariatu w\u0142a\u015bciwego oddzia\u0142u ZNP, zamieszczaj\u0105c odpowiedni\u0105 adnotacj\u0119 na wniosku. Kopi\u0119 wniosku przekazuje si\u0119 zainteresowanemu cz\u0142onkowi niezw\u0142ocznie, nie p\u00f3\u017aniej ni\u017c w terminie 7 dni od daty jego z\u0142o\u017cenia.<\/li>\n<\/ol>\n\n\n\n<p class=\"has-text-align-center\">\u00a74<\/p>\n\n\n\n<ol class=\"wp-block-list\">\n<li>Wniosek o przyznanie zapomogi powinien zawiera\u0107 wskazanie przyczyny jego wniesienia, uzasadnienie oraz informacj\u0119 o zapomogach udzielonych przez w\u0142a\u015bciwy oddzia\u0142 i okr\u0119g ZNP.<\/li>\n\n\n\n<li>Do wniosku nale\u017cy do\u0142\u0105czy\u0107 kserokopi\u0119 dokument\u00f3w uzasadniaj\u0105cych potrzeb\u0119 przyznania zapomogi. Dokumenty zb\u0119dne do rozpatrzenia wniosku powinny by\u0107 natychmiastowo niszczone po stwierdzeniu ich nieprzydatno\u015bci.<\/li>\n\n\n\n<li>Na dokumentacj\u0119 o kt\u00f3rej mowa w ust. 2, powinny sk\u0142ada\u0107 si\u0119 w szczeg\u00f3lno\u015bci dokumenty potwierdzaj\u0105ce zdarzenie losowe, w tym kopie og\u0142osze\u0144 lokalnych w\u0142adz samorz\u0105dowych o wprowadzeniu stanu kl\u0119ski \u017cywio\u0142owej, fotografie zniszcze\u0144 przez te kl\u0119ski wyrz\u0105dzonych cz\u0142onkowi ZNP, kopi\u0119 dokumentacji medycznej zwi\u0105zanej z d\u0142ugotrwa\u0142\u0105 chorob\u0105 wymagaj\u0105c\u0105 wysokich koszt\u00f3w leczenia lub rehabilitacji, lub inne dowody istnienia indywidualnego zdarzenia losowego powoduj\u0105cego uszczerbek maj\u0105tkowy.<\/li>\n\n\n\n<li>Wz\u00f3r wniosku stanowi za\u0142\u0105cznik do niniejszego regulaminu<\/li>\n<\/ol>\n\n\n\n<p class=\"has-text-align-center\">\u00a75<\/p>\n\n\n\n<p>Dokumentacja otrzymywana w zwi\u0105zku z udzieleniem lub odmow\u0105 udzielenia zapomogi jest przechowywana przez okres 5 lat, licz\u0105c od dnia 1 stycznia nast\u0119pnego roku po roku, w kt\u00f3rym wyp\u0142acono zapomog\u0119.<\/p>\n\n\n\n<p class=\"has-text-align-center\">\u00a76<\/p>\n\n\n\n<p>Prezydia zarz\u0105d\u00f3w okr\u0119g\u00f3w, oddzia\u0142\u00f3w oraz rad zak\u0142adowych mog\u0105 przyznawa\u0107 zapomogi z przyczyn, o kt\u00f3rych mowa w \u00a7 1 zgodnie z przyj\u0119tymi przez siebie zasadami. W tym przypadku stosuje si\u0119 \u00a7 3 ust. 2, \u00a7 4 ust. 2 i 3 oraz \u00a7 5, natomiast \u00a7 3 ust. 1 stosuje si\u0119 odpowiednio.<\/p>\n\n\n\n<p class=\"has-text-align-right\">\/-\/ S\u0142awomir Broniarz<br>Prezes Zwi\u0105zku Nauczycielstwa Polskiego<\/p>\n\n\n\n<p>Regulamin przyj\u0119ty przez Zarz\u0105d G\u0142\u00f3wny ZNP w dniu 30 wrze\u015bnia 2015 r. na podstawie art. 10 ust. 1 pkt 9 Statutu ZNP&nbsp;i znowelizowany w dniu 18 grudnia 2018 r.<\/p>\n\n\n\n<p>Za\u0142\u0105czniki:<\/p>\n\n\n\n<div class=\"wp-block-file\"><a id=\"wp-block-file--media-64403f00-4d43-4fb5-9994-3bfce7ec498c\" href=\"http:\/\/radomsko.muprod.znp.edu.pl\/wp-content\/uploads\/sites\/89\/2024\/05\/wniosek-o-przyznanie-zapomogi.doc\"><a href=\"https:\/\/znp.edu.pl\/assets\/uploads\/2018\/01\/Wniosek-o-przyznanie-zapomogi-z-Funduszu-Specjalnej-Pomocy-dla-Cz%C5%82onk%C3%B3w-ZNP.doc\">Wniosek o przyznanie zapomogi z Funduszu Specjalnej Pomocy dla Cz\u0142onk\u00f3w ZNP<\/a><\/a><a href=\"http:\/\/radomsko.muprod.znp.edu.pl\/wp-content\/uploads\/sites\/89\/2024\/05\/wniosek-o-przyznanie-zapomogi.doc\" class=\"wp-block-file__button wp-element-button\" download aria-describedby=\"wp-block-file--media-64403f00-4d43-4fb5-9994-3bfce7ec498c\">Pobierz<\/a><\/div>\n\n\n\n<hr class=\"wp-block-separator has-alpha-channel-opacity\"\/>\n","protected":false},"excerpt":{"rendered":"Regulamin przyznawania zasi\u0142k\u00f3w statutowych cz\u0142onkom ZNP Uchwa\u0142a Nr 18\/2022 Zarz\u0105du G\u0142\u00f3wnego Zwi\u0105zku Nauczycielstwa Polskiego z dnia 19 wrze\u015bnia 2022r. w sprawie ustalenia minimalnych kwot zasi\u0142k\u00f3w statutowych w sprawie ustalenia minimalnych kwot zasi\u0142k\u00f3w statutowych Dzia\u0142aj\u0105c na podstawie art. 10 ust. 1 pkt 9 Statutu ZNP, Zarz\u0105d G\u0142\u00f3wny ZNP postanawia: \u00a71 Minimalne kwoty zasi\u0142k\u00f3w statutowych wynosz\u0105: \u00a72 Traci moc uchwa\u0142a Zarz\u0105du G\u0142\u00f3wnego ZNP z dnia 18 grudnia 2007 roku w &nbsp;sprawie ustalenia minimalnych kwot zasi\u0142k\u00f3w statutowych. \u00a73 Uchwa\u0142a wchodzi w \u017cycie z dniem 1 pa\u017adziernika 2022 r. Za Zarz\u0105d G\u0142\u00f3wny ZNP Za\u0142\u0105czniki: Regulamin przyznawania zapom\u00f3g cz\u0142onkom ZNP przyj\u0119ty przez Zarz\u0105d G\u0142\u00f3wny ZNP w dniu 30 wrze\u015bnia 2015 r.&nbsp;i znowelizowany w dniu 18 grudnia 2018r. \u00a71 Cz\u0142onkowi ZNP, kt\u00f3ry na skutek zdarze\u0144 losowych,&#8230; <a class=\"view-article\" href=\"https:\/\/pruszkow.znp.edu.pl\/?page_id=260\">View Article<\/a>","protected":false},"author":63,"featured_media":0,"parent":0,"menu_order":0,"comment_status":"closed","ping_status":"closed","template":"","meta":{"ngg_post_thumbnail":0,"footnotes":""},"class_list":["post-260","page","type-page","status-publish","hentry"],"_links":{"self":[{"href":"https:\/\/pruszkow.znp.edu.pl\/index.php?rest_route=\/wp\/v2\/pages\/260","targetHints":{"allow":["GET"]}}],"collection":[{"href":"https:\/\/pruszkow.znp.edu.pl\/index.php?rest_route=\/wp\/v2\/pages"}],"about":[{"href":"https:\/\/pruszkow.znp.edu.pl\/index.php?rest_route=\/wp\/v2\/types\/page"}],"author":[{"embeddable":true,"href":"https:\/\/pruszkow.znp.edu.pl\/index.php?rest_route=\/wp\/v2\/users\/63"}],"replies":[{"embeddable":true,"href":"https:\/\/pruszkow.znp.edu.pl\/index.php?rest_route=%2Fwp%2Fv2%2Fcomments&post=260"}],"version-history":[{"count":9,"href":"https:\/\/pruszkow.znp.edu.pl\/index.php?rest_route=\/wp\/v2\/pages\/260\/revisions"}],"predecessor-version":[{"id":417,"href":"https:\/\/pruszkow.znp.edu.pl\/index.php?rest_route=\/wp\/v2\/pages\/260\/revisions\/417"}],"wp:attachment":[{"href":"https:\/\/pruszkow.znp.edu.pl\/index.php?rest_route=%2Fwp%2Fv2%2Fmedia&parent=260"}],"curies":[{"name":"wp","href":"https:\/\/api.w.org\/{rel}","templated":true}]}}