{"id":191,"date":"2024-05-28T13:46:31","date_gmt":"2024-05-28T11:46:31","guid":{"rendered":"https:\/\/radomsko.muprod.znp.edu.pl\/?page_id=191"},"modified":"2025-03-13T11:48:11","modified_gmt":"2025-03-13T10:48:11","slug":"seir","status":"publish","type":"page","link":"https:\/\/pruszkow.znp.edu.pl\/?page_id=191","title":{"rendered":"SEiR"},"content":{"rendered":"\n<p>Lista cz\u0142onk\u00f3w Oddzia\u0142owej Sekcja Emeryt\u00f3w i Rencist\u00f3w ZNP<\/p>\n\n\n\n<ol class=\"wp-block-list\">\n<li>Jerzy Gwardys &#8211; Przewodnicz\u0105cy Sekcji<\/li>\n\n\n\n<li>Iwona Grabska &#8211; Zast\u0119pca Przewodnicz\u0105cego<\/li>\n\n\n\n<li>Jadwiga Strzelecka &#8211; Sekretarz<\/li>\n\n\n\n<li>Andrzej J\u0119drzejewski-J\u0119drzejak<\/li>\n\n\n\n<li>Barbara Nagraba<\/li>\n\n\n\n<li>Bogus\u0142aw Biernacki<\/li>\n\n\n\n<li>Bogdan Lewandowski<\/li>\n\n\n\n<li>Andrzej Zaborowski<\/li>\n\n\n\n<li>Teresa Rutkowska<\/li>\n\n\n\n<li>Kinga Iwanicka<\/li>\n\n\n\n<li>Jadwiga Karolak<\/li>\n\n\n\n<li>Krystyna Markiewicz<\/li>\n\n\n\n<li>Zdzis\u0142awa Mastalerz<\/li>\n\n\n\n<li>Aleksandra Kwasiborska<\/li>\n\n\n\n<li>Cecylia Zielony<\/li>\n\n\n\n<li>Jolanta Zacharska<\/li>\n\n\n\n<li>Ryszard Zacharski<\/li>\n\n\n\n<li>Krystyna Narwicz<\/li>\n\n\n\n<li>Jerzy Kwasiborski<\/li>\n<\/ol>\n","protected":false},"excerpt":{"rendered":"Lista cz\u0142onk\u00f3w Oddzia\u0142owej Sekcja Emeryt\u00f3w i Rencist\u00f3w ZNP","protected":false},"author":63,"featured_media":0,"parent":0,"menu_order":0,"comment_status":"closed","ping_status":"closed","template":"","meta":{"ngg_post_thumbnail":0,"footnotes":""},"class_list":["post-191","page","type-page","status-publish","hentry"],"_links":{"self":[{"href":"https:\/\/pruszkow.znp.edu.pl\/index.php?rest_route=\/wp\/v2\/pages\/191","targetHints":{"allow":["GET"]}}],"collection":[{"href":"https:\/\/pruszkow.znp.edu.pl\/index.php?rest_route=\/wp\/v2\/pages"}],"about":[{"href":"https:\/\/pruszkow.znp.edu.pl\/index.php?rest_route=\/wp\/v2\/types\/page"}],"author":[{"embeddable":true,"href":"https:\/\/pruszkow.znp.edu.pl\/index.php?rest_route=\/wp\/v2\/users\/63"}],"replies":[{"embeddable":true,"href":"https:\/\/pruszkow.znp.edu.pl\/index.php?rest_route=%2Fwp%2Fv2%2Fcomments&post=191"}],"version-history":[{"count":7,"href":"https:\/\/pruszkow.znp.edu.pl\/index.php?rest_route=\/wp\/v2\/pages\/191\/revisions"}],"predecessor-version":[{"id":488,"href":"https:\/\/pruszkow.znp.edu.pl\/index.php?rest_route=\/wp\/v2\/pages\/191\/revisions\/488"}],"wp:attachment":[{"href":"https:\/\/pruszkow.znp.edu.pl\/index.php?rest_route=%2Fwp%2Fv2%2Fmedia&parent=191"}],"curies":[{"name":"wp","href":"https:\/\/api.w.org\/{rel}","templated":true}]}}