{"id":15,"date":"2024-05-20T10:17:42","date_gmt":"2024-05-20T08:17:42","guid":{"rendered":"https:\/\/radomsko.muprod.znp.edu.pl\/?page_id=15"},"modified":"2026-02-13T12:53:24","modified_gmt":"2026-02-13T11:53:24","slug":"kontakt","status":"publish","type":"page","link":"https:\/\/pruszkow.znp.edu.pl\/?page_id=15","title":{"rendered":"Kontakt"},"content":{"rendered":"\n<p>Jeste\u015bmy do Pa\u0144stwa dyspozycji! Je\u015bli maj\u0105 Pa\u0144stwo pytania, potrzebuj\u0105 wsparcia lub chc\u0105 uzyska\u0107 wi\u0119cej informacji na temat naszej dzia\u0142alno\u015bci, zach\u0119camy do kontaktu. Poni\u017cej znajd\u0105 Pa\u0144stwo szczeg\u00f3\u0142owe dane kontaktowe do naszego oddzia\u0142u.<\/p>\n\n\n\n<p><mark style=\"background-color:#ffffff\" class=\"has-inline-color has-vivid-red-color\"><strong>Adres siedziby:<\/strong><\/mark><br>ZNP Oddzia\u0142 Powiatowy w Pruszkowie<br>ul. Bohater\u00f3w Warszawy 23<br>05 &#8211; 800 Pruszk\u00f3w<\/p>\n\n\n\n<p>NIP: 526-000-18-84<\/p>\n\n\n\n<p><strong><mark style=\"background-color:#ffffff\" class=\"has-inline-color has-vivid-red-color\">Nr konta bankowego:<\/mark><\/strong><br>Bank PKO BP: <strong><mark style=\"background-color:#ffffff\" class=\"has-inline-color has-black-color\">16 1020 1055 0000 9202 0015 1191<\/mark><\/strong><\/p>\n\n\n\n<p><strong><mark style=\"background-color:#ffffff\" class=\"has-inline-color has-vivid-red-color\">Godziny pracy biura:<\/mark><\/strong><br>Poniedzia\u0142ek &#8211; Pi\u0105tek: 9:00 &#8211; 14:00<\/p>\n\n\n\n<p><strong><mark style=\"background-color:#ffffff\" class=\"has-inline-color has-vivid-red-color\">Telefon:<\/mark><\/strong><br>tel. <a href=\"tel:+48695401056\" data-type=\"tel\" data-id=\"tel:+48605401056\">(+48) 695 401 056<\/a><\/p>\n\n\n\n<p><strong><mark style=\"background-color:#ffffff\" class=\"has-inline-color has-vivid-red-color\">E-mail:<\/mark><\/strong><br><a href=\"mailto:pruszkow@znp.edu.pl\" data-type=\"mailto\" data-id=\"mailto:pruszkow@znp.edu.pl\"><mark style=\"background-color:#ffffff\" class=\"has-inline-color has-vivid-cyan-blue-color\">pruszkow@znp.edu.pl<\/mark><\/a><\/p>\n\n\n\n<p><\/p>\n","protected":false},"excerpt":{"rendered":"Jeste\u015bmy do Pa\u0144stwa dyspozycji! Je\u015bli maj\u0105 Pa\u0144stwo pytania, potrzebuj\u0105 wsparcia lub chc\u0105 uzyska\u0107 wi\u0119cej informacji na temat naszej dzia\u0142alno\u015bci, zach\u0119camy do kontaktu. Poni\u017cej znajd\u0105 Pa\u0144stwo szczeg\u00f3\u0142owe dane kontaktowe do naszego oddzia\u0142u. Adres siedziby:ZNP Oddzia\u0142 Powiatowy w Pruszkowieul. Bohater\u00f3w Warszawy 2305 &#8211; 800 Pruszk\u00f3w NIP: 526-000-18-84 Nr konta bankowego:Bank PKO BP: 16 1020 1055 0000 9202 0015 1191 Godziny pracy biura:Poniedzia\u0142ek &#8211; Pi\u0105tek: 9:00 &#8211; 14:00 Telefon:tel. (+48) 695 401 056 E-mail:pruszkow@znp.edu.pl","protected":false},"author":63,"featured_media":0,"parent":0,"menu_order":0,"comment_status":"closed","ping_status":"closed","template":"","meta":{"ngg_post_thumbnail":0,"footnotes":""},"class_list":["post-15","page","type-page","status-publish","hentry"],"_links":{"self":[{"href":"https:\/\/pruszkow.znp.edu.pl\/index.php?rest_route=\/wp\/v2\/pages\/15","targetHints":{"allow":["GET"]}}],"collection":[{"href":"https:\/\/pruszkow.znp.edu.pl\/index.php?rest_route=\/wp\/v2\/pages"}],"about":[{"href":"https:\/\/pruszkow.znp.edu.pl\/index.php?rest_route=\/wp\/v2\/types\/page"}],"author":[{"embeddable":true,"href":"https:\/\/pruszkow.znp.edu.pl\/index.php?rest_route=\/wp\/v2\/users\/63"}],"replies":[{"embeddable":true,"href":"https:\/\/pruszkow.znp.edu.pl\/index.php?rest_route=%2Fwp%2Fv2%2Fcomments&post=15"}],"version-history":[{"count":27,"href":"https:\/\/pruszkow.znp.edu.pl\/index.php?rest_route=\/wp\/v2\/pages\/15\/revisions"}],"predecessor-version":[{"id":659,"href":"https:\/\/pruszkow.znp.edu.pl\/index.php?rest_route=\/wp\/v2\/pages\/15\/revisions\/659"}],"wp:attachment":[{"href":"https:\/\/pruszkow.znp.edu.pl\/index.php?rest_route=%2Fwp%2Fv2%2Fmedia&parent=15"}],"curies":[{"name":"wp","href":"https:\/\/api.w.org\/{rel}","templated":true}]}}